{"id":70,"date":"2022-07-06T10:24:02","date_gmt":"2022-07-06T10:24:02","guid":{"rendered":"https:\/\/gapaluminium.pt\/?page_id=70"},"modified":"2024-09-20T07:54:17","modified_gmt":"2024-09-20T07:54:17","slug":"contacto","status":"publish","type":"page","link":"https:\/\/gapaluminium.pt\/es\/contacto\/","title":{"rendered":"Contacto"},"content":{"rendered":"<p>[vc_section][vc_row][vc_column]<div id=\"ultimate-heading-595169f363c2c9acd\" class=\"uvc-heading ult-adjust-bottom-margin ultimate-heading-595169f363c2c9acd uvc-8626 \" data-hspacer=\"no_spacer\"  data-halign=\"center\" style=\"text-align:center\"><div class=\"uvc-heading-spacer no_spacer\" style=\"top\"><\/div><div class=\"uvc-main-heading ult-responsive\"  data-ultimate-target='.uvc-heading.ultimate-heading-595169f363c2c9acd h1'  data-responsive-json-new='{\"font-size\":\"desktop:38px;\",\"line-height\":\"\"}' ><h1 style=\"font-family:&#039;Montserrat&#039;;font-weight:700;color:#1e1e1e;\">CONTACTO<\/h1><\/div><\/div>[\/vc_column][\/vc_row][\/vc_section][vc_section css=&#8221;.vc_custom_1660044278489{margin-top: 80px !important;}&#8221;][vc_row][vc_column width=&#8221;1\/2&#8243;]<div id=\"ultimate-heading-247469f363c2c9b1e\" class=\"uvc-heading ult-adjust-bottom-margin ultimate-heading-247469f363c2c9b1e uvc-6412 \" data-hspacer=\"no_spacer\"  data-halign=\"center\" style=\"text-align:center\"><div class=\"uvc-heading-spacer no_spacer\" style=\"top\"><\/div><div class=\"uvc-main-heading ult-responsive\"  data-ultimate-target='.uvc-heading.ultimate-heading-247469f363c2c9b1e h2'  data-responsive-json-new='{\"font-size\":\"desktop:36px;\",\"line-height\":\"\"}' ><h2 style=\"font-family:&#039;Montserrat&#039;;font-weight:600;color:#1e1e1e;margin-bottom:40px;\">\u00bfD\u00f3nde estamos?<\/h2><\/div><\/div>[vc_single_image image=&#8221;437&#8243; img_size=&#8221;full&#8221;][\/vc_column][vc_column width=&#8221;1\/2&#8243;]<div id=\"ultimate-heading-793069f363c2c9b4d\" class=\"uvc-heading ult-adjust-bottom-margin ultimate-heading-793069f363c2c9b4d uvc-6018 \" data-hspacer=\"no_spacer\"  data-halign=\"center\" style=\"text-align:center\"><div class=\"uvc-heading-spacer no_spacer\" style=\"top\"><\/div><div class=\"uvc-main-heading ult-responsive\"  data-ultimate-target='.uvc-heading.ultimate-heading-793069f363c2c9b4d h2'  data-responsive-json-new='{\"font-size\":\"desktop:36px;\",\"line-height\":\"\"}' ><h2 style=\"font-family:&#039;Montserrat&#039;;font-weight:600;color:#1e1e1e;margin-bottom:40px;\">Informaci\u00f3n de contacto<\/h2><\/div><\/div>[vc_column_text el_class=&#8221;text-parrafo&#8221;]<strong>Gap Global Aluminium Productos, Lda<\/strong><\/p>\n<p>&nbsp;<\/p>\n<p><strong>Domicilio Fiscal:<\/strong><br \/>\nRua Afonso Albuquerque, N.\u00ba 36<br \/>\n3830-574 Gafanha da Nazar\u00e9<\/p>\n<p><strong>Ubicaci\u00f3n del pabell\u00f3n:<\/strong><br \/>\nZona Industrial de Eixo<\/p>\n<p>Rua Dr. Ven\u00e2ncio Dias Figueiredo Vieira<br \/>\n3800-793 Eixo<\/p>\n<p>&nbsp;<\/p>\n<p>info@gapaluminium.pt[\/vc_column_text][\/vc_column][\/vc_row][\/vc_section][vc_section full_width=&#8221;stretch_row&#8221; css=&#8221;.vc_custom_1660042955157{margin-top: 70px !important;padding-top: 40px !important;padding-bottom: 40px !important;background-image: url(https:\/\/gapaluminium.pt\/wp-content\/uploads\/2022\/07\/fondo-form.jpg?id=31) !important;background-position: center !important;background-repeat: no-repeat !important;background-size: cover !important;}&#8221;][vc_row][vc_column width=&#8221;1\/6&#8243;][\/vc_column][vc_column width=&#8221;2\/3&#8243; css=&#8221;.vc_custom_1660042632830{background-color: rgba(38,38,38,0.51) !important;*background-color: rgb(38,38,38) !important;}&#8221;]<div id=\"ultimate-heading-234469f363c2c9b77\" class=\"uvc-heading ult-adjust-bottom-margin ultimate-heading-234469f363c2c9b77 uvc-6923 \" data-hspacer=\"no_spacer\"  data-halign=\"center\" style=\"text-align:center\"><div class=\"uvc-heading-spacer no_spacer\" style=\"top\"><\/div><div class=\"uvc-main-heading ult-responsive\"  data-ultimate-target='.uvc-heading.ultimate-heading-234469f363c2c9b77 h2'  data-responsive-json-new='{\"font-size\":\"desktop:36px;\",\"line-height\":\"\"}' ><h2 style=\"font-family:&#039;Montserrat&#039;;font-weight:600;color:#ffffff;margin-bottom:30px;\">Rellene nuestro formulario<\/h2><\/div><\/div>[\/vc_column][vc_column width=&#8221;1\/6&#8243;][\/vc_column][\/vc_row][vc_row][vc_column width=&#8221;1\/6&#8243;][\/vc_column][vc_column width=&#8221;2\/3&#8243; css=&#8221;.vc_custom_1660042590101{padding-top: 20px !important;padding-bottom: 20px !important;background-color: rgba(38,38,38,0.51) !important;*background-color: rgb(38,38,38) !important;}&#8221;]<div role=\"form\" class=\"wpcf7\" id=\"wpcf7-f37-o1\" lang=\"es-ES\" dir=\"ltr\">\n<div class=\"screen-reader-response\"><p role=\"status\" aria-live=\"polite\" aria-atomic=\"true\"><\/p> <ul><\/ul><\/div>\n<form action=\"\/es\/wp-json\/wp\/v2\/pages\/70#wpcf7-f37-o1\" method=\"post\" class=\"wpcf7-form init\" novalidate=\"novalidate\" data-status=\"init\">\n<div style=\"display: none;\">\n<input type=\"hidden\" name=\"_wpcf7\" value=\"37\" \/>\n<input type=\"hidden\" name=\"_wpcf7_version\" value=\"5.6.2\" \/>\n<input type=\"hidden\" name=\"_wpcf7_locale\" value=\"es_ES\" \/>\n<input type=\"hidden\" name=\"_wpcf7_unit_tag\" value=\"wpcf7-f37-o1\" \/>\n<input type=\"hidden\" name=\"_wpcf7_container_post\" value=\"0\" \/>\n<input type=\"hidden\" name=\"_wpcf7_posted_data_hash\" value=\"\" \/>\n<input type=\"hidden\" name=\"_wpcf7_recaptcha_response\" value=\"\" \/>\n<\/div>\n<p><span class=\"wpcf7-form-control-wrap\" data-name=\"your-name\"><input type=\"text\" name=\"your-name\" value=\"\" size=\"40\" class=\"wpcf7-form-control wpcf7-text wpcf7-validates-as-required\" aria-required=\"true\" aria-invalid=\"false\" placeholder=\"Nombre y apellidos (requerido)\" \/><\/span><\/p>\n<p><span class=\"wpcf7-form-control-wrap\" data-name=\"your-email\"><input type=\"email\" name=\"your-email\" value=\"\" size=\"40\" class=\"wpcf7-form-control wpcf7-text wpcf7-email wpcf7-validates-as-required wpcf7-validates-as-email\" aria-required=\"true\" aria-invalid=\"false\" placeholder=\"Correo electr\u00f3nico (requerido)\" \/><\/span><\/p>\n<p><span class=\"wpcf7-form-control-wrap\" data-name=\"your-subject\"><input type=\"text\" name=\"your-subject\" value=\"\" size=\"40\" class=\"wpcf7-form-control wpcf7-text\" aria-invalid=\"false\" placeholder=\"Asunto\" \/><\/span><\/p>\n<p><span class=\"wpcf7-form-control-wrap\" data-name=\"your-message\"><textarea name=\"your-message\" cols=\"40\" rows=\"10\" class=\"wpcf7-form-control wpcf7-textarea\" aria-invalid=\"false\" placeholder=\"Mensaje (requerido)\"><\/textarea><\/span><\/p>\n<p class=\"texto-acept-form\">\nResponsable: Gapaluminium<br \/>\nFinalidad: Env\u00edo de informaci\u00f3n solicitada.<br \/>\nLegitimaci\u00f3n: Tratar sus datos con su consentimiento previo, a trav\u00e9s de la casilla correspondiente. Destinatarios: Gapaluminium, como \u00fanico destinatario.<br \/>\nDerechos de los usuarios: Derecho a solicitar la rectificaci\u00f3n o supresi\u00f3n de tus datos.\n<\/p>\n<p>\n<span class=\"wpcf7-form-control-wrap\" data-name=\"lopd\"><span class=\"wpcf7-form-control wpcf7-acceptance\"><span class=\"wpcf7-list-item\"><input type=\"checkbox\" name=\"lopd\" value=\"1\" aria-invalid=\"false\" id=\"casillalopd\" \/><\/span><\/span><\/span> <span class=\"texto-lopd\">Acepto ceder mis datos con la finalidad de poder recibir informaci\u00f3n solicitada <a href=\"\/politica-privacidad\">pol\u00edtica de privacidad<\/a><\/span><\/p>\n<p><span class=\"wpcf7-form-control-wrap\" data-name=\"acceptance-232\"><span class=\"wpcf7-form-control wpcf7-acceptance optional\"><span class=\"wpcf7-list-item\"><input type=\"checkbox\" name=\"acceptance-232\" value=\"1\" aria-invalid=\"false\" id=\"casillalopd\" \/><\/span><\/span><\/span><span class=\"texto-lopd\">Acepto la pol\u00edtica de privacidad con la finalidad de env\u00edo de informaci\u00f3n comercial de GAP ALUMINIUM.(opcional)<\/span>\n<\/p>\n<p><input type=\"submit\" value=\"M\u00e1s info\" class=\"wpcf7-form-control has-spinner wpcf7-submit\" \/><\/p>\n<div class=\"wpcf7-response-output\" aria-hidden=\"true\"><\/div><\/form><\/div>[\/vc_column][vc_column width=&#8221;1\/6&#8243;][\/vc_column][\/vc_row][\/vc_section]<\/p>\n","protected":false},"excerpt":{"rendered":"<p>[vc_section][vc_row][vc_column][\/vc_column][\/vc_row][\/vc_section][vc_section css=&#8221;.vc_custom_1660044278489{margin-top: 80px !important;}&#8221;][vc_row][vc_column width=&#8221;1\/2&#8243;][vc_single_image image=&#8221;437&#8243; img_size=&#8221;full&#8221;][\/vc_column][vc_column width=&#8221;1\/2&#8243;][vc_column_text el_class=&#8221;text-parrafo&#8221;]Gap Global Aluminium Productos, Lda &nbsp; Domicilio Fiscal: Rua Afonso Albuquerque, N.\u00ba 36 3830-574 Gafanha da Nazar\u00e9 Ubicaci\u00f3n del pabell\u00f3n: Zona Industrial de Eixo Rua Dr. Ven\u00e2ncio Dias Figueiredo Vieira 3800-793 Eixo &nbsp; info@gapaluminium.pt[\/vc_column_text][\/vc_column][\/vc_row][\/vc_section][vc_section full_width=&#8221;stretch_row&#8221; css=&#8221;.vc_custom_1660042955157{margin-top: 70px !important;padding-top: 40px !important;padding-bottom: 40px !important;background-image: url(https:\/\/gapaluminium.pt\/wp-content\/uploads\/2022\/07\/fondo-form.jpg?id=31) !important;background-position: center !important;background-repeat: no-repeat&hellip;<\/p>\n","protected":false},"author":1,"featured_media":0,"parent":0,"menu_order":0,"comment_status":"closed","ping_status":"closed","template":"","meta":[],"_links":{"self":[{"href":"https:\/\/gapaluminium.pt\/es\/wp-json\/wp\/v2\/pages\/70"}],"collection":[{"href":"https:\/\/gapaluminium.pt\/es\/wp-json\/wp\/v2\/pages"}],"about":[{"href":"https:\/\/gapaluminium.pt\/es\/wp-json\/wp\/v2\/types\/page"}],"author":[{"embeddable":true,"href":"https:\/\/gapaluminium.pt\/es\/wp-json\/wp\/v2\/users\/1"}],"replies":[{"embeddable":true,"href":"https:\/\/gapaluminium.pt\/es\/wp-json\/wp\/v2\/comments?post=70"}],"version-history":[{"count":13,"href":"https:\/\/gapaluminium.pt\/es\/wp-json\/wp\/v2\/pages\/70\/revisions"}],"predecessor-version":[{"id":1142,"href":"https:\/\/gapaluminium.pt\/es\/wp-json\/wp\/v2\/pages\/70\/revisions\/1142"}],"wp:attachment":[{"href":"https:\/\/gapaluminium.pt\/es\/wp-json\/wp\/v2\/media?parent=70"}],"curies":[{"name":"wp","href":"https:\/\/api.w.org\/{rel}","templated":true}]}}