{"id":717,"date":"2022-08-18T10:43:02","date_gmt":"2022-08-18T10:43:02","guid":{"rendered":"https:\/\/gapaluminium.pt\/?page_id=717"},"modified":"2022-08-18T10:43:02","modified_gmt":"2022-08-18T10:43:02","slug":"politica-de-cookies","status":"publish","type":"page","link":"https:\/\/gapaluminium.pt\/es\/politica-de-cookies\/","title":{"rendered":"Pol\u00edtica de cookies"},"content":{"rendered":"<p><strong>Informaci\u00f3n en cumplimiento de la normativa de protecci\u00f3n de datos personales<\/strong><\/p>\n<ul>\n<li><strong>\u00bfQu\u00e9 son las cookies y para qu\u00e9 las usamos?<\/strong><\/li>\n<\/ul>\n<p>Una cookie o galleta inform\u00e1tica es un peque\u00f1o archivo de informaci\u00f3n que se guarda en su navegador cada vez que visita nuestra p\u00e1gina web.<\/p>\n<p>La utilidad de las cookies es guardar el historial de su actividad en nuestra p\u00e1gina web, de manera que, cuando la visite nuevamente, \u00e9sta pueda identificarle y configurar el contenido de la misma en base a sus h\u00e1bitos de navegaci\u00f3n, identidad y preferencias.<\/p>\n<p>Una cookie es inofensiva, no contiene c\u00f3digo malicioso o malintencionado (ej. virus, troyanos, gusanos, etc.) que pueda da\u00f1ar su terminal (ordenador, smartphone, tableta, etc.), pero s\u00ed tiene cierto impacto sobre su derecho a la protecci\u00f3n de sus datos, pues recoge determinada informaci\u00f3n concerniente a su persona (h\u00e1bitos de navegaci\u00f3n, identidad, preferencias, etc.).<\/p>\n<p>&nbsp;<\/p>\n<ul>\n<li><strong>\u00bfQu\u00e9 informaci\u00f3n guarda una cookie?<\/strong><\/li>\n<\/ul>\n<p>Las cookies no suelen recoger categor\u00edas especiales de datos personales (datos sensibles). Los datos que guardan son de car\u00e1cter t\u00e9cnico, preferencias personales, personalizaci\u00f3n de contenidos, etc.<\/p>\n<p>&nbsp;<\/p>\n<ul>\n<li><strong>\u00bfQu\u00e9 tipo de cookies existen?<\/strong><\/li>\n<\/ul>\n<p>Con car\u00e1cter general, existen cinco tipos de cookies:<\/p>\n<ul>\n<li><strong>Cookies t\u00e9cnicas:<\/strong><\/li>\n<\/ul>\n<p>Son las cookies m\u00e1s b\u00e1sicas. Permiten al usuario la navegaci\u00f3n a trav\u00e9s de una p\u00e1gina web, plataforma o aplicaci\u00f3n y la utilizaci\u00f3n de las diferentes opciones o servicios que en ella existan como, por ejemplo, controlar el tr\u00e1fico y la comunicaci\u00f3n de datos, identificar la sesi\u00f3n, acceder a partes de acceso restringido, recordar los elementos que integran un pedido, realizar el proceso de compra de un pedido, realizar la solicitud de inscripci\u00f3n o participaci\u00f3n en un evento, utilizar elementos de seguridad durante la navegaci\u00f3n, almacenar contenidos para la difusi\u00f3n de videos o sonido o compartir contenidos a trav\u00e9s de redes sociales.<\/p>\n<p>&nbsp;<\/p>\n<ul>\n<li><strong>Cookies de personalizaci\u00f3n:<\/strong><\/li>\n<\/ul>\n<p>Son aqu\u00e9llas que permiten al usuario acceder al servicio con algunas caracter\u00edsticas de car\u00e1cter general predefinidas en funci\u00f3n de una serie de criterios en el terminal del usuario como por ejemplo serian el idioma, el tipo de navegador a trav\u00e9s del cual accede al servicio, la configuraci\u00f3n regional desde donde accede al servicio, etc.<\/p>\n<p>&nbsp;<\/p>\n<ul>\n<li><strong>Cookies de an\u00e1lisis:<\/strong><\/li>\n<\/ul>\n<p>Son aqu\u00e9llas que permiten al responsable de las mismas, el seguimiento y an\u00e1lisis del comportamiento de los usuarios de los sitios web a los que est\u00e1n vinculadas. La informaci\u00f3n recogida mediante este tipo de cookies se utiliza en la medici\u00f3n de la actividad de los sitios web, aplicaci\u00f3n o plataforma y para la elaboraci\u00f3n de perfiles de navegaci\u00f3n de los usuarios de dichos sitios, aplicaciones y plataformas, con el fin de introducir mejoras en funci\u00f3n del an\u00e1lisis de los datos de uso que hacen los usuarios del servicio.<\/p>\n<p>&nbsp;<\/p>\n<ul>\n<li><strong>Cookies publicitarias:<\/strong><\/li>\n<\/ul>\n<p>Son aqu\u00e9llas que permiten la gesti\u00f3n, de la forma m\u00e1s eficaz posible, de los espacios publicitarios que, en su caso, el responsable haya incluido en una p\u00e1gina web, aplicaci\u00f3n o plataforma desde la que presta el servicio solicitado en base a criterios como el contenido editado o la frecuencia en la que se muestran los anuncios.<\/p>\n<p>&nbsp;<\/p>\n<ul>\n<li><strong>Cookies de publicidad comportamental:<\/strong><\/li>\n<\/ul>\n<p>Son aqu\u00e9llas que permiten la gesti\u00f3n, de la forma m\u00e1s eficaz posible, de los espacios publicitarios que, en su caso, el responsable haya incluido en una p\u00e1gina web, aplicaci\u00f3n o plataforma desde la que presta el servicio solicitado. Estas cookies almacenan informaci\u00f3n del comportamiento de los usuarios obtenida a trav\u00e9s de la observaci\u00f3n continuada de sus h\u00e1bitos de navegaci\u00f3n, lo que permite desarrollar un perfil espec\u00edfico para mostrar publicidad en funci\u00f3n del mismo.<\/p>\n<p>&nbsp;<\/p>\n<ul>\n<li><strong>\u00bfQu\u00e9 son las cookies propias y las de terceros?<\/strong><\/li>\n<li><strong>Cookies de propias:<\/strong><\/li>\n<\/ul>\n<p>Las cookies propias son aquellas que se generan y gestionan por el propio responsable que presta el servicio solicitado por el usuario.<\/p>\n<p>&nbsp;<\/p>\n<ul>\n<li><strong>Cookies de terceros:<\/strong><\/li>\n<\/ul>\n<p>Son aquellas que se generan por otras entidades distintas al propio responsable (servicios o proveedores externos, como por ejemplo Google).<\/p>\n<p>&nbsp;<\/p>\n<ul>\n<li><strong>\u00bfQu\u00e9 tipo de cookies guarda nuestra p\u00e1gina web?<\/strong><\/li>\n<\/ul>\n<p>A continuaci\u00f3n, procedemos a relacionar el tipo de cookies que guarda nuestra p\u00e1gina web y la finalidad de las mismas:<\/p>\n<table width=\"0\">\n<tbody>\n<tr>\n<td width=\"22%\"><strong>Nombre de la cookie<\/strong><\/td>\n<td width=\"50%\"><strong>Finalidad<\/strong><\/td>\n<td width=\"28%\"><strong>\u00bfC\u00f3mo?<\/strong><\/td>\n<\/tr>\n<tr>\n<td><strong>Sesi\u00f3n<\/strong><\/td>\n<td>Registrar las entradas de datos del usuario en la web. Propietario: GAP Aluminium.<\/td>\n<td>Cuando el usuario rellena un formulario<\/td>\n<\/tr>\n<tr>\n<td><strong>De autenticaci\u00f3n de usuarios<\/strong><\/td>\n<td>Identificarle como usuario registrado y permitirle la navegaci\u00f3n por los distintos contenidos de la web. Propietario: GAP Aluminium.<\/td>\n<td>\u00danicamente mientras dure la sesi\u00f3n<\/td>\n<\/tr>\n<tr>\n<td><strong>Plug-in de redes sociales<\/strong><\/td>\n<td>Permitir al usuario compartir contenidos con miembros de una determinada red social. Propietario: Red social que pone la cookie (Twitter Inc., Facebook Inc., \u2026)<\/td>\n<td>Cuando hay alg\u00fan plugin o bot\u00f3n de compartir en alguna red social<\/td>\n<\/tr>\n<tr>\n<td><strong>Google Analytics<\/strong><\/td>\n<td>Para realizar las estad\u00edsticas de uso de la web utilizamos las cookies con la finalidad de conocer el nivel de recurrencia de nuestros visitantes y los contenidos que resultan m\u00e1s interesantes. De esta manera podemos concentrar nuestros esfuerzos en mejorar las \u00e1reas m\u00e1s visitadas y hacer que el usuario encuentre m\u00e1s f\u00e1cilmente lo que busca. En el Sitio Web puede utilizarse la informaci\u00f3n de su visita para realizar evaluaciones y c\u00e1lculos estad\u00edsticos sobre datos an\u00f3nimos, as\u00ed como para garantizar la continuidad del servicio o para realizar mejoras en sus sitios Web. Para m\u00e1s detalles, consulte en el siguiente enlace la pol\u00edtica de privacidad\u00a0<a href=\"https:\/\/www.google.com\/intl\/es\/policies\/privacy\/\">https:\/\/www.google.com\/intl\/es\/policies\/privacy\/\u00a0<\/a>Propietario: Google Inc.<\/td>\n<td>Cuando accede a la p\u00e1gina<\/td>\n<\/tr>\n<tr>\n<td><strong>DoubleClick<\/strong><\/td>\n<td>Para orientar la publicidad seg\u00fan el contenido que es relevante para un usuario, mejorar los informes de rendimiento de la campa\u00f1a y evitar mostrar anuncios que el usuario ya haya visto. Propietario: Google Inc.<\/td>\n<td>Cuando accede a la p\u00e1gina<\/td>\n<\/tr>\n<tr>\n<td><strong>Mailchimp<\/strong><\/td>\n<td>Registrar los datos del usuario para recibir boletines de informaci\u00f3n. Propietario: MailChimp<\/td>\n<td>Cuando el usuario rellena un formulario de suscripci\u00f3n<\/td>\n<\/tr>\n<tr>\n<td><strong>Sumome<\/strong><\/td>\n<td>Permite al usuario poder compartir apartados de la web en sus redes sociales. Propietario: Sumome.<\/td>\n<td>Cuando accede a la p\u00e1gina<\/td>\n<\/tr>\n<tr>\n<td><strong>Google Adwords<\/strong><\/td>\n<td>Para orientar la publicidad seg\u00fan el contenido que es relevante para un usuario, mejorar los informes de rendimiento de la campa\u00f1a y evitar mostrar anuncios que el usuario ya haya visto. Campa\u00f1as de remarketing. Propietario: Google Inc..<\/td>\n<td>Cuando accede a la p\u00e1gina<\/td>\n<\/tr>\n<\/tbody>\n<\/table>\n<ul>\n<li><strong>\u00bfQu\u00e9 puedo hacer con las cookies?<\/strong><\/li>\n<\/ul>\n<p>Las cookies pueden ser borradas, aceptadas o bloqueadas, seg\u00fan desee, para esto s\u00f3lo debe configurar convenientemente el navegador web.<\/p>\n<p>En cualquier momento, puede impedir la instalaci\u00f3n de cookies (bloqueo) en su equipo mediante la opci\u00f3n correspondiente de su navegador, pero en dicho caso no podremos asegurarle el correcto funcionamiento de las distintas funcionalidades de nuestra p\u00e1gina web.<\/p>\n<p>A continuaci\u00f3n, le facilitamos los enlaces para la gesti\u00f3n y bloqueo de cookies dependiendo del navegador que utilice:<\/p>\n<ul>\n<li><strong>Internet Explorer:\u00a0<\/strong><a href=\"https:\/\/windows.microsoft.com\/es-xl\/internet-explorer\/delete-manage-cookies#ie=ie-10\">https:\/\/windows.microsoft.com\/es-xl\/internet-explorer\/delete-manage-cookies#ie=ie-10<\/a><\/li>\n<li><strong>FireFox:\u00a0<\/strong><a href=\"https:\/\/support.mozilla.org\/es\/kb\/habilitar-y-deshabilitar-cookies-que-los-sitios-we\">https:\/\/support.mozilla.org\/es\/kb\/habilitar-y-deshabilitar-cookies-que-los-sitios-we<\/a><\/li>\n<li><strong>Chrome:\u00a0<\/strong><a href=\"httpss:\/\/support.google.com\/chrome\/answer\/95647?hl=es\">httpss:\/\/support.google.com\/chrome\/answer\/95647?hl=es<\/a><\/li>\n<li><strong>Safari:\u00a0<\/strong>httpss:\/\/www.apple.com\/legal\/privacy\/es\/cookies\/<\/li>\n<\/ul>\n<p>Tambi\u00e9n puede borrar las cookies que tenga guardadas en su navegador acudiendo a las opciones de configuraci\u00f3n del mismo.<\/p>\n<p>Los destinatarios de la informaci\u00f3n que se obtenga a trav\u00e9s de las cookies que se instalen en su ordenador ser\u00e1n las siguientes entidades:<br \/>\nEl editor responsable de la web y responsable del tratamiento: Caf\u00e9 Bar Restaurante Las Pinaillas.<\/p>\n<p>En su caso, las entidades directamente relacionadas con el editor responsable de la web.<\/p>\n","protected":false},"excerpt":{"rendered":"<p>Informaci\u00f3n en cumplimiento de la normativa de protecci\u00f3n de datos personales \u00bfQu\u00e9 son las cookies y para qu\u00e9 las usamos? Una cookie o galleta inform\u00e1tica es un peque\u00f1o archivo de informaci\u00f3n que se guarda en su navegador cada vez que visita nuestra p\u00e1gina web. La utilidad de las cookies es guardar el historial de su&hellip;<\/p>\n","protected":false},"author":1,"featured_media":0,"parent":0,"menu_order":0,"comment_status":"closed","ping_status":"closed","template":"","meta":[],"_links":{"self":[{"href":"https:\/\/gapaluminium.pt\/es\/wp-json\/wp\/v2\/pages\/717"}],"collection":[{"href":"https:\/\/gapaluminium.pt\/es\/wp-json\/wp\/v2\/pages"}],"about":[{"href":"https:\/\/gapaluminium.pt\/es\/wp-json\/wp\/v2\/types\/page"}],"author":[{"embeddable":true,"href":"https:\/\/gapaluminium.pt\/es\/wp-json\/wp\/v2\/users\/1"}],"replies":[{"embeddable":true,"href":"https:\/\/gapaluminium.pt\/es\/wp-json\/wp\/v2\/comments?post=717"}],"version-history":[{"count":1,"href":"https:\/\/gapaluminium.pt\/es\/wp-json\/wp\/v2\/pages\/717\/revisions"}],"predecessor-version":[{"id":718,"href":"https:\/\/gapaluminium.pt\/es\/wp-json\/wp\/v2\/pages\/717\/revisions\/718"}],"wp:attachment":[{"href":"https:\/\/gapaluminium.pt\/es\/wp-json\/wp\/v2\/media?parent=717"}],"curies":[{"name":"wp","href":"https:\/\/api.w.org\/{rel}","templated":true}]}}