{"id":72,"date":"2022-07-06T10:24:51","date_gmt":"2022-07-06T10:24:51","guid":{"rendered":"https:\/\/gapaluminium.pt\/?page_id=72"},"modified":"2024-04-11T06:29:11","modified_gmt":"2024-04-11T06:29:11","slug":"empresa","status":"publish","type":"page","link":"https:\/\/gapaluminium.pt\/es\/empresa\/","title":{"rendered":"Empresa"},"content":{"rendered":"<p>[vc_section][vc_row][vc_column]<div id=\"ultimate-heading-257269f3540c8979a\" class=\"uvc-heading ult-adjust-bottom-margin ultimate-heading-257269f3540c8979a uvc-5143 \" data-hspacer=\"no_spacer\"  data-halign=\"center\" style=\"text-align:center\"><div class=\"uvc-heading-spacer no_spacer\" style=\"top\"><\/div><div class=\"uvc-main-heading ult-responsive\"  data-ultimate-target='.uvc-heading.ultimate-heading-257269f3540c8979a h1'  data-responsive-json-new='{\"font-size\":\"desktop:38px;\",\"line-height\":\"\"}' ><h1 style=\"font-family:&#039;Montserrat&#039;;font-weight:700;color:#1e1e1e;\">EMPRESA<\/h1><\/div><\/div>[\/vc_column][\/vc_row][\/vc_section][vc_section css=&#8221;.vc_custom_1660037400153{margin-top: 40px !important;}&#8221;][vc_row][vc_column width=&#8221;1\/6&#8243;][\/vc_column][vc_column width=&#8221;2\/3&#8243;][vc_column_text el_class=&#8221;text-subtitulo&#8221;]GAP Aluminium est\u00e1 formada por profesionales y t\u00e9cnicos especialistas en todo tipo de marcas de fabricantes de l\u00edneas de extrusi\u00f3n, con m\u00e1s de 25 a\u00f1os de experiencia en reparaciones mec\u00e1nicas, hidr\u00e1ulicas, programaci\u00f3n, hornos as\u00ed como equipos de lacado y anodizado.[\/vc_column_text][\/vc_column][vc_column width=&#8221;1\/6&#8243;][\/vc_column][\/vc_row][\/vc_section][vc_section css=&#8221;.vc_custom_1659963354822{margin-top: 60px !important;}&#8221;][vc_row gap=&#8221;30&#8243;][vc_column width=&#8221;1\/2&#8243;]<div id=\"ultimate-heading-599369f3540c897f1\" class=\"uvc-heading ult-adjust-bottom-margin ultimate-heading-599369f3540c897f1 uvc-9721 \" data-hspacer=\"no_spacer\"  data-halign=\"left\" style=\"text-align:left\"><div class=\"uvc-heading-spacer no_spacer\" style=\"top\"><\/div><div class=\"uvc-main-heading ult-responsive\"  data-ultimate-target='.uvc-heading.ultimate-heading-599369f3540c897f1 h2'  data-responsive-json-new='{\"font-size\":\"desktop:34px;\",\"line-height\":\"\"}' ><h2 style=\"font-family:&#039;Montserrat&#039;;font-weight:700;color:#1e1e1e;margin-bottom:20px;\">SOBRE NUESTRA EMPRESA<\/h2><\/div><\/div>[vc_column_text el_class=&#8221;text-parrafo&#8221;]GAP Aluminium dispone de su propio departamento de dise\u00f1o y mejoras de equipos, por lo que est\u00e1 capacitada para realizar reformas en l\u00edneas de extrusi\u00f3n con el fin de mejorar la eficiencia energ\u00e9tica y la productividad. Con Gap Aluminium, nuestros clientes podr\u00e1n actualizar sus equipos a las actuales demandas del mercado de extrusi\u00f3n con una inversi\u00f3n razonable.<\/p>\n<p>Nuestra experiencia de m\u00e1s de 25 a\u00f1os en el sector nos permite ofrecerle asesoramiento t\u00e9cnico personalizado para reparaciones y mantenimiento de los principales fabricante de prensas del mercado: SMS, turla, tecalex, gia, sutton, etc.[\/vc_column_text][\/vc_column][vc_column width=&#8221;1\/2&#8243;]<div id=\"ultimate-heading-722769f3540c89823\" class=\"uvc-heading ult-adjust-bottom-margin ultimate-heading-722769f3540c89823 uvc-4701 \" data-hspacer=\"no_spacer\"  data-halign=\"left\" style=\"text-align:left\"><div class=\"uvc-heading-spacer no_spacer\" style=\"top\"><\/div><div class=\"uvc-main-heading ult-responsive\"  data-ultimate-target='.uvc-heading.ultimate-heading-722769f3540c89823 h2'  data-responsive-json-new='{\"font-size\":\"desktop:34px;\",\"line-height\":\"\"}' ><h2 style=\"font-family:&#039;Montserrat&#039;;font-weight:700;color:#1e1e1e;margin-bottom:20px;\">OBJETIVO<\/h2><\/div><\/div>[vc_column_text el_class=&#8221;text-parrafo&#8221;]GAP Aluminium Productos Lda, nace con el objetivo de satisfacer todas las necesidades de reparaciones y mantenimiento de equipos de extrusi\u00f3n de aluminio, lacado y anodizado.[\/vc_column_text]<div id=\"ultimate-heading-649869f3540c8984f\" class=\"uvc-heading ult-adjust-bottom-margin ultimate-heading-649869f3540c8984f uvc-1250 \" data-hspacer=\"no_spacer\"  data-halign=\"left\" style=\"text-align:left\"><div class=\"uvc-heading-spacer no_spacer\" style=\"top\"><\/div><div class=\"uvc-main-heading ult-responsive\"  data-ultimate-target='.uvc-heading.ultimate-heading-649869f3540c8984f h2'  data-responsive-json-new='{\"font-size\":\"desktop:34px;\",\"line-height\":\"\"}' ><h2 style=\"font-family:&#039;Montserrat&#039;;font-weight:700;color:#1e1e1e;margin-bottom:20px;\">VALORES<\/h2><\/div><\/div>[vc_column_text el_class=&#8221;text-parrafo&#8221;]<\/p>\n<ul>\n<li>La completa satisfacci\u00f3n de nuestros clientes, centrada en una relaci\u00f3n cercana y profesional, en los adecuados plazos de entrega, y en precios competitivos.<\/li>\n<li>La mejora continua de nuestro experto equipo profesional (m\u00e1s de 25 a\u00f1os de experiencia) con el objetivo de ofrecer a nuestros clientes la m\u00e1s elevada calidad y el mejor servicio.<\/li>\n<li>Nuestro equipo de profesionales, a trav\u00e9s de an\u00e1lisis y planificaciones ponen en conocimiento de nuestros clientes soluciones inmediatas a sus problemas.<\/li>\n<li>El continuo esfuerzo en proporcionar la informaci\u00f3n m\u00e1s avanzada con el objetivo de obtener materiales de gran precisi\u00f3n, rendimiento y durabilidad\u201d.<\/li>\n<\/ul>\n<p>[\/vc_column_text][\/vc_column][\/vc_row][\/vc_section]<\/p>\n","protected":false},"excerpt":{"rendered":"<p>[vc_section][vc_row][vc_column][\/vc_column][\/vc_row][\/vc_section][vc_section css=&#8221;.vc_custom_1660037400153{margin-top: 40px !important;}&#8221;][vc_row][vc_column width=&#8221;1\/6&#8243;][\/vc_column][vc_column width=&#8221;2\/3&#8243;][vc_column_text el_class=&#8221;text-subtitulo&#8221;]GAP Aluminium est\u00e1 formada por profesionales y t\u00e9cnicos especialistas en todo tipo de marcas de fabricantes de l\u00edneas de extrusi\u00f3n, con m\u00e1s de 25 a\u00f1os de experiencia en reparaciones mec\u00e1nicas, hidr\u00e1ulicas, programaci\u00f3n, hornos as\u00ed como equipos de lacado y anodizado.[\/vc_column_text][\/vc_column][vc_column width=&#8221;1\/6&#8243;][\/vc_column][\/vc_row][\/vc_section][vc_section css=&#8221;.vc_custom_1659963354822{margin-top: 60px !important;}&#8221;][vc_row gap=&#8221;30&#8243;][vc_column width=&#8221;1\/2&#8243;][vc_column_text el_class=&#8221;text-parrafo&#8221;]GAP Aluminium dispone&hellip;<\/p>\n","protected":false},"author":1,"featured_media":0,"parent":0,"menu_order":0,"comment_status":"closed","ping_status":"closed","template":"","meta":[],"_links":{"self":[{"href":"https:\/\/gapaluminium.pt\/es\/wp-json\/wp\/v2\/pages\/72"}],"collection":[{"href":"https:\/\/gapaluminium.pt\/es\/wp-json\/wp\/v2\/pages"}],"about":[{"href":"https:\/\/gapaluminium.pt\/es\/wp-json\/wp\/v2\/types\/page"}],"author":[{"embeddable":true,"href":"https:\/\/gapaluminium.pt\/es\/wp-json\/wp\/v2\/users\/1"}],"replies":[{"embeddable":true,"href":"https:\/\/gapaluminium.pt\/es\/wp-json\/wp\/v2\/comments?post=72"}],"version-history":[{"count":16,"href":"https:\/\/gapaluminium.pt\/es\/wp-json\/wp\/v2\/pages\/72\/revisions"}],"predecessor-version":[{"id":1120,"href":"https:\/\/gapaluminium.pt\/es\/wp-json\/wp\/v2\/pages\/72\/revisions\/1120"}],"wp:attachment":[{"href":"https:\/\/gapaluminium.pt\/es\/wp-json\/wp\/v2\/media?parent=72"}],"curies":[{"name":"wp","href":"https:\/\/api.w.org\/{rel}","templated":true}]}}