{"id":231,"date":"2022-06-27T10:55:41","date_gmt":"2022-06-27T10:55:41","guid":{"rendered":"https:\/\/gapaluminium.pt\/inicio\/"},"modified":"2024-04-26T10:00:47","modified_gmt":"2024-04-26T10:00:47","slug":"inicio","status":"publish","type":"page","link":"https:\/\/gapaluminium.pt\/pt-pt\/","title":{"rendered":"In\u00edcio"},"content":{"rendered":"<p>[vc_row][vc_column]<div id=\"ultimate-heading-965269d394390cd5b\" class=\"uvc-heading ult-adjust-bottom-margin ultimate-heading-965269d394390cd5b uvc-8608 \" data-hspacer=\"no_spacer\"  data-halign=\"center\" style=\"text-align:center\"><div class=\"uvc-heading-spacer no_spacer\" style=\"top\"><\/div><div class=\"uvc-main-heading ult-responsive\"  data-ultimate-target='.uvc-heading.ultimate-heading-965269d394390cd5b p'  data-responsive-json-new='{\"font-size\":\"desktop:39px;\",\"line-height\":\"desktop:47px;\"}' ><p style=\"font-family:&#039;Montserrat&#039;;font-weight:700;color:#1e1e1e;margin-bottom:40px;\">REPARA\u00c7\u00d5ES MAIS RECENTES<\/p><\/div><\/div><style type=\"text\/css\" data-type=\"the7_shortcodes-inline-css\">.gallery-shortcode.gallery-masonry-shortcode-id-c6bfa7a0d72dde716a9ad16843e32277 figure,\n.gallery-shortcode.gallery-masonry-shortcode-id-c6bfa7a0d72dde716a9ad16843e32277 .rollover,\n.gallery-shortcode.gallery-masonry-shortcode-id-c6bfa7a0d72dde716a9ad16843e32277 img,\n.gallery-shortcode.gallery-masonry-shortcode-id-c6bfa7a0d72dde716a9ad16843e32277 .gallery-rollover {\n  border-radius: 0px;\n}\n.gallery-shortcode.gallery-masonry-shortcode-id-c6bfa7a0d72dde716a9ad16843e32277.enable-bg-rollover .gallery-rollover {\n  background: -webkit-linear-gradient();\n  background: linear-gradient();\n}\n.gallery-shortcode.gallery-masonry-shortcode-id-c6bfa7a0d72dde716a9ad16843e32277.enable-bg-rollover.hover-scale figure .rollover:after {\n  background: -webkit-linear-gradient();\n  background: linear-gradient();\n}\n.gallery-shortcode.gallery-masonry-shortcode-id-c6bfa7a0d72dde716a9ad16843e32277 .gallery-zoom-ico {\n  width: 44px;\n  height: 44px;\n  line-height: 44px;\n  border-radius: 100px;\n  margin: -22px 0 0 -22px;\n  border-width: 0px;\n  color: #ffffff;\n}\n.dt-icon-bg-on.gallery-shortcode.gallery-masonry-shortcode-id-c6bfa7a0d72dde716a9ad16843e32277 .gallery-zoom-ico {\n  background: rgba(255,255,255,0.3);\n  box-shadow: none;\n}\n.gallery-shortcode.gallery-masonry-shortcode-id-c6bfa7a0d72dde716a9ad16843e32277 .gallery-zoom-ico:before,\n.gallery-shortcode.gallery-masonry-shortcode-id-c6bfa7a0d72dde716a9ad16843e32277 .gallery-zoom-ico span {\n  font-size: 32px;\n  line-height: 44px;\n  color: #ffffff;\n}\n.gallery-shortcode.gallery-masonry-shortcode-id-c6bfa7a0d72dde716a9ad16843e32277:not(.resize-by-browser-width) .dt-css-grid {\n  grid-row-gap: 10px;\n  grid-column-gap: 10px;\n  grid-template-columns: repeat(auto-fill,minmax(,1fr));\n}\n.gallery-shortcode.gallery-masonry-shortcode-id-c6bfa7a0d72dde716a9ad16843e32277:not(.resize-by-browser-width) .dt-css-grid .double-width {\n  grid-column: span 2;\n}\n.cssgridlegacy.no-cssgrid .gallery-shortcode.gallery-masonry-shortcode-id-c6bfa7a0d72dde716a9ad16843e32277:not(.resize-by-browser-width) .dt-css-grid,\n.no-cssgridlegacy.no-cssgrid .gallery-shortcode.gallery-masonry-shortcode-id-c6bfa7a0d72dde716a9ad16843e32277:not(.resize-by-browser-width) .dt-css-grid {\n  display: flex;\n  flex-flow: row wrap;\n  margin: -5px;\n}\n.cssgridlegacy.no-cssgrid .gallery-shortcode.gallery-masonry-shortcode-id-c6bfa7a0d72dde716a9ad16843e32277:not(.resize-by-browser-width) .dt-css-grid .wf-cell,\n.no-cssgridlegacy.no-cssgrid .gallery-shortcode.gallery-masonry-shortcode-id-c6bfa7a0d72dde716a9ad16843e32277:not(.resize-by-browser-width) .dt-css-grid .wf-cell {\n  flex: 1 0 ;\n  max-width: 100%;\n  padding: 5px;\n  box-sizing: border-box;\n}\n.gallery-shortcode.gallery-masonry-shortcode-id-c6bfa7a0d72dde716a9ad16843e32277.resize-by-browser-width .dt-css-grid {\n  grid-template-columns: repeat(3,1fr);\n  grid-template-rows: auto;\n  grid-column-gap: 10px;\n  grid-row-gap: 10px;\n}\n.gallery-shortcode.gallery-masonry-shortcode-id-c6bfa7a0d72dde716a9ad16843e32277.resize-by-browser-width .dt-css-grid .double-width {\n  grid-column: span 2;\n}\n.cssgridlegacy.no-cssgrid .gallery-shortcode.gallery-masonry-shortcode-id-c6bfa7a0d72dde716a9ad16843e32277.resize-by-browser-width .dt-css-grid {\n  margin: -5px;\n}\n.cssgridlegacy.no-cssgrid .gallery-shortcode.gallery-masonry-shortcode-id-c6bfa7a0d72dde716a9ad16843e32277.resize-by-browser-width .dt-css-grid .wf-cell {\n  width: 33.333333333333%;\n  padding: 5px;\n}\n.cssgridlegacy.no-cssgrid .gallery-shortcode.gallery-masonry-shortcode-id-c6bfa7a0d72dde716a9ad16843e32277.resize-by-browser-width .dt-css-grid .wf-cell.double-width {\n  width: calc(33.333333333333%) * 2;\n}\n.gallery-shortcode.gallery-masonry-shortcode-id-c6bfa7a0d72dde716a9ad16843e32277.resize-by-browser-width:not(.centered-layout-list):not(.content-bg-on) .dt-css-grid {\n  grid-row-gap: 10px - ;\n}\n@media screen and (max-width: 1199px) {\n  .gallery-shortcode.gallery-masonry-shortcode-id-c6bfa7a0d72dde716a9ad16843e32277.resize-by-browser-width .dt-css-grid {\n    grid-template-columns: repeat(3,1fr);\n  }\n  .cssgridlegacy.no-cssgrid .gallery-shortcode.gallery-masonry-shortcode-id-c6bfa7a0d72dde716a9ad16843e32277.resize-by-browser-width .dt-css-grid .wf-cell,\n  .no-cssgridlegacy.no-cssgrid .gallery-shortcode.gallery-masonry-shortcode-id-c6bfa7a0d72dde716a9ad16843e32277.resize-by-browser-width .dt-css-grid .wf-cell {\n    width: 33.333333333333%;\n  }\n  .cssgridlegacy.no-cssgrid .gallery-shortcode.gallery-masonry-shortcode-id-c6bfa7a0d72dde716a9ad16843e32277.resize-by-browser-width .dt-css-grid .wf-cell.double-width,\n  .no-cssgridlegacy.no-cssgrid .gallery-shortcode.gallery-masonry-shortcode-id-c6bfa7a0d72dde716a9ad16843e32277.resize-by-browser-width .dt-css-grid .wf-cell.double-width {\n    width: calc(33.333333333333%)*2;\n  }\n}\n@media screen and (max-width: 991px) {\n  .gallery-shortcode.gallery-masonry-shortcode-id-c6bfa7a0d72dde716a9ad16843e32277.resize-by-browser-width .dt-css-grid {\n    grid-template-columns: repeat(3,1fr);\n  }\n  .cssgridlegacy.no-cssgrid .gallery-shortcode.gallery-masonry-shortcode-id-c6bfa7a0d72dde716a9ad16843e32277.resize-by-browser-width .dt-css-grid .wf-cell,\n  .no-cssgridlegacy.no-cssgrid .gallery-shortcode.gallery-masonry-shortcode-id-c6bfa7a0d72dde716a9ad16843e32277.resize-by-browser-width .dt-css-grid .wf-cell {\n    width: 33.333333333333%;\n  }\n  .cssgridlegacy.no-cssgrid .gallery-shortcode.gallery-masonry-shortcode-id-c6bfa7a0d72dde716a9ad16843e32277.resize-by-browser-width .dt-css-grid .wf-cell.double-width,\n  .no-cssgridlegacy.no-cssgrid .gallery-shortcode.gallery-masonry-shortcode-id-c6bfa7a0d72dde716a9ad16843e32277.resize-by-browser-width .dt-css-grid .wf-cell.double-width {\n    width: calc(33.333333333333%)*2;\n  }\n}\n@media screen and (max-width: 767px) {\n  .gallery-shortcode.gallery-masonry-shortcode-id-c6bfa7a0d72dde716a9ad16843e32277.resize-by-browser-width .dt-css-grid {\n    grid-template-columns: repeat(2,1fr);\n  }\n  .cssgridlegacy.no-cssgrid .gallery-shortcode.gallery-masonry-shortcode-id-c6bfa7a0d72dde716a9ad16843e32277.resize-by-browser-width .dt-css-grid .wf-cell,\n  .no-cssgridlegacy.no-cssgrid .gallery-shortcode.gallery-masonry-shortcode-id-c6bfa7a0d72dde716a9ad16843e32277.resize-by-browser-width .dt-css-grid .wf-cell {\n    width: 50%;\n  }\n  .cssgridlegacy.no-cssgrid .gallery-shortcode.gallery-masonry-shortcode-id-c6bfa7a0d72dde716a9ad16843e32277.resize-by-browser-width .dt-css-grid .wf-cell.double-width,\n  .no-cssgridlegacy.no-cssgrid .gallery-shortcode.gallery-masonry-shortcode-id-c6bfa7a0d72dde716a9ad16843e32277.resize-by-browser-width .dt-css-grid .wf-cell.double-width {\n    width: calc(50%)*2;\n  }\n}\n<\/style><div class=\"gallery-shortcode dt-gallery-container gallery-masonry-shortcode-id-c6bfa7a0d72dde716a9ad16843e32277 mode-grid jquery-filter dt-icon-bg-off quick-scale-img dt-css-grid-wrap enable-bg-rollover resize-by-browser-width  hover-fade loading-effect-none description-on-hover\" data-padding=\"5px\" data-cur-page=\"1\" data-post-limit=\"-1\" data-pagination-mode=\"none\" data-desktop-columns-num=\"3\" data-v-tablet-columns-num=\"3\" data-h-tablet-columns-num=\"3\" data-phone-columns-num=\"2\" data-width=\"0px\" data-columns=\"0\"><div class=\"dt-css-grid\" ><div class=\"wf-cell\" data-post-id=\"1065\" data-date=\"2024-04-09T10:50:44+00:00\" data-name=\"IMG-20230905-WA0139\"><figure class=\"post visible\"><a href=\"https:\/\/gapaluminium.pt\/wp-content\/uploads\/2024\/04\/IMG-20230905-WA0139-1.jpg\" class=\"rollover dt-pswp-item layzr-bg\" data-large_image_width=\"768\" data-large_image_height=\"1024\" data-dt-img-description=\"\" title=\"IMG-20230905-WA0139\"><img class=\"preload-me iso-lazy-load\" src=\"data:image\/svg+xml,%3Csvg%20xmlns%3D&#39;http%3A%2F%2Fwww.w3.org%2F2000%2Fsvg&#39;%20viewBox%3D&#39;0%200%20379%20304&#39;%2F%3E\" data-src=\"https:\/\/gapaluminium.pt\/wp-content\/uploads\/2024\/04\/IMG-20230905-WA0139-1-379x304.jpg\" data-srcset=\"https:\/\/gapaluminium.pt\/wp-content\/uploads\/2024\/04\/IMG-20230905-WA0139-1-379x304.jpg 379w, https:\/\/gapaluminium.pt\/wp-content\/uploads\/2024\/04\/IMG-20230905-WA0139-1-569x456.jpg 569w\" alt=\"\" width=\"379\" height=\"304\"  \/><span class=\"gallery-rollover\"><span class=\"gallery-zoom-ico icomoon-the7-font-the7-zoom-06\"><span><\/span><\/span><\/span><\/a><\/figure><\/div><div class=\"wf-cell\" data-post-id=\"975\" data-date=\"2024-04-09T10:10:20+00:00\" data-name=\"PHOTO-2024-01-04-23-27-15 copia\"><figure class=\"post visible\"><a href=\"https:\/\/gapaluminium.pt\/wp-content\/uploads\/2024\/04\/PHOTO-2024-01-04-23-27-15-copia.jpg\" class=\"rollover dt-pswp-item layzr-bg\" data-large_image_width=\"1600\" data-large_image_height=\"1200\" data-dt-img-description=\"\" title=\"PHOTO-2024-01-04-23-27-15 copia\"><img class=\"preload-me iso-lazy-load\" src=\"data:image\/svg+xml,%3Csvg%20xmlns%3D&#39;http%3A%2F%2Fwww.w3.org%2F2000%2Fsvg&#39;%20viewBox%3D&#39;0%200%20379%20304&#39;%2F%3E\" data-src=\"https:\/\/gapaluminium.pt\/wp-content\/uploads\/2024\/04\/PHOTO-2024-01-04-23-27-15-copia-379x304.jpg\" data-srcset=\"https:\/\/gapaluminium.pt\/wp-content\/uploads\/2024\/04\/PHOTO-2024-01-04-23-27-15-copia-379x304.jpg 379w, https:\/\/gapaluminium.pt\/wp-content\/uploads\/2024\/04\/PHOTO-2024-01-04-23-27-15-copia-569x456.jpg 569w\" alt=\"\" width=\"379\" height=\"304\"  \/><span class=\"gallery-rollover\"><span class=\"gallery-zoom-ico icomoon-the7-font-the7-zoom-06\"><span><\/span><\/span><\/span><\/a><\/figure><\/div><div class=\"wf-cell\" data-post-id=\"963\" data-date=\"2024-04-09T10:06:12+00:00\" data-name=\"IMG-20230905-WA0038\"><figure class=\"post visible\"><a href=\"https:\/\/gapaluminium.pt\/wp-content\/uploads\/2024\/04\/IMG-20230905-WA0038.jpg\" class=\"rollover dt-pswp-item layzr-bg\" data-large_image_width=\"1536\" data-large_image_height=\"2048\" data-dt-img-description=\"\" title=\"IMG-20230905-WA0038\"><img class=\"preload-me iso-lazy-load\" src=\"data:image\/svg+xml,%3Csvg%20xmlns%3D&#39;http%3A%2F%2Fwww.w3.org%2F2000%2Fsvg&#39;%20viewBox%3D&#39;0%200%20379%20304&#39;%2F%3E\" data-src=\"https:\/\/gapaluminium.pt\/wp-content\/uploads\/2024\/04\/IMG-20230905-WA0038-379x304.jpg\" data-srcset=\"https:\/\/gapaluminium.pt\/wp-content\/uploads\/2024\/04\/IMG-20230905-WA0038-379x304.jpg 379w, https:\/\/gapaluminium.pt\/wp-content\/uploads\/2024\/04\/IMG-20230905-WA0038-569x456.jpg 569w\" alt=\"\" width=\"379\" height=\"304\"  \/><span class=\"gallery-rollover\"><span class=\"gallery-zoom-ico icomoon-the7-font-the7-zoom-06\"><span><\/span><\/span><\/span><\/a><\/figure><\/div><div class=\"wf-cell\" data-post-id=\"1125\" data-date=\"2024-04-26T10:00:23+00:00\" data-name=\"Extrusion zone\"><figure class=\"post visible\"><a href=\"https:\/\/gapaluminium.pt\/wp-content\/uploads\/2024\/04\/Extrusion-zone.jpg\" class=\"rollover dt-pswp-item layzr-bg\" data-large_image_width=\"900\" data-large_image_height=\"1600\" data-dt-img-description=\"\" title=\"Extrusion zone\"><img class=\"preload-me iso-lazy-load\" src=\"data:image\/svg+xml,%3Csvg%20xmlns%3D&#39;http%3A%2F%2Fwww.w3.org%2F2000%2Fsvg&#39;%20viewBox%3D&#39;0%200%20379%20304&#39;%2F%3E\" data-src=\"https:\/\/gapaluminium.pt\/wp-content\/uploads\/2024\/04\/Extrusion-zone-379x304.jpg\" data-srcset=\"https:\/\/gapaluminium.pt\/wp-content\/uploads\/2024\/04\/Extrusion-zone-379x304.jpg 379w, https:\/\/gapaluminium.pt\/wp-content\/uploads\/2024\/04\/Extrusion-zone-569x456.jpg 569w\" alt=\"\" width=\"379\" height=\"304\"  \/><span class=\"gallery-rollover\"><span class=\"gallery-zoom-ico icomoon-the7-font-the7-zoom-06\"><span><\/span><\/span><\/span><\/a><\/figure><\/div><div class=\"wf-cell\" data-post-id=\"922\" data-date=\"2024-04-09T08:50:10+00:00\" data-name=\"IMG-20220907-WA0005 copia\"><figure class=\"post visible\"><a href=\"https:\/\/gapaluminium.pt\/wp-content\/uploads\/2024\/04\/IMG-20220907-WA0005-copia.jpg\" class=\"rollover dt-pswp-item layzr-bg\" data-large_image_width=\"1536\" data-large_image_height=\"2048\" data-dt-img-description=\"\" title=\"IMG-20220907-WA0005 copia\"><img class=\"preload-me iso-lazy-load\" src=\"data:image\/svg+xml,%3Csvg%20xmlns%3D&#39;http%3A%2F%2Fwww.w3.org%2F2000%2Fsvg&#39;%20viewBox%3D&#39;0%200%20379%20304&#39;%2F%3E\" data-src=\"https:\/\/gapaluminium.pt\/wp-content\/uploads\/2024\/04\/IMG-20220907-WA0005-copia-379x304.jpg\" data-srcset=\"https:\/\/gapaluminium.pt\/wp-content\/uploads\/2024\/04\/IMG-20220907-WA0005-copia-379x304.jpg 379w, https:\/\/gapaluminium.pt\/wp-content\/uploads\/2024\/04\/IMG-20220907-WA0005-copia-569x456.jpg 569w\" alt=\"\" width=\"379\" height=\"304\"  \/><span class=\"gallery-rollover\"><span class=\"gallery-zoom-ico icomoon-the7-font-the7-zoom-06\"><span><\/span><\/span><\/span><\/a><\/figure><\/div><div class=\"wf-cell\" data-post-id=\"1025\" data-date=\"2024-04-09T10:18:47+00:00\" data-name=\"IMG-20230905-WA0111\"><figure class=\"post visible\"><a href=\"https:\/\/gapaluminium.pt\/wp-content\/uploads\/2024\/04\/IMG-20230905-WA0111.jpg\" class=\"rollover dt-pswp-item layzr-bg\" data-large_image_width=\"768\" data-large_image_height=\"1024\" data-dt-img-description=\"\" title=\"IMG-20230905-WA0111\"><img class=\"preload-me iso-lazy-load\" src=\"data:image\/svg+xml,%3Csvg%20xmlns%3D&#39;http%3A%2F%2Fwww.w3.org%2F2000%2Fsvg&#39;%20viewBox%3D&#39;0%200%20379%20304&#39;%2F%3E\" data-src=\"https:\/\/gapaluminium.pt\/wp-content\/uploads\/2024\/04\/IMG-20230905-WA0111-379x304.jpg\" data-srcset=\"https:\/\/gapaluminium.pt\/wp-content\/uploads\/2024\/04\/IMG-20230905-WA0111-379x304.jpg 379w, https:\/\/gapaluminium.pt\/wp-content\/uploads\/2024\/04\/IMG-20230905-WA0111-569x456.jpg 569w\" alt=\"\" width=\"379\" height=\"304\"  \/><span class=\"gallery-rollover\"><span class=\"gallery-zoom-ico icomoon-the7-font-the7-zoom-06\"><span><\/span><\/span><\/span><\/a><\/figure><\/div><\/div><!-- iso-container|iso-grid --><\/div>[\/vc_column][\/vc_row][vc_section full_width=&#8221;stretch_row&#8221; css=&#8221;.vc_custom_1657272885550{margin-top: 40px !important;margin-bottom: 40px !important;}&#8221;][vc_row full_width=&#8221;stretch_row_content&#8221; equal_height=&#8221;yes&#8221;][vc_column width=&#8221;1\/2&#8243; css=&#8221;.vc_custom_1668168933219{padding-top: 180px !important;padding-bottom: 120px !important;background-image: url(https:\/\/gapaluminium.pt\/wp-content\/uploads\/2022\/07\/serv-tecnico.jpg?id=96) !important;background-position: center !important;background-repeat: no-repeat !important;background-size: cover !important;}&#8221; el_class=&#8221;fondo-1&#8243;]<div id=\"ultimate-heading-60469d394391082d\" class=\"uvc-heading ult-adjust-bottom-margin ultimate-heading-60469d394391082d uvc-9609 \" data-hspacer=\"no_spacer\"  data-halign=\"center\" style=\"text-align:center\"><div class=\"uvc-heading-spacer no_spacer\" style=\"top\"><\/div><div class=\"uvc-main-heading ult-responsive\"  data-ultimate-target='.uvc-heading.ultimate-heading-60469d394391082d h2'  data-responsive-json-new='{\"font-size\":\"desktop:68px;\",\"line-height\":\"desktop:74px;\"}' ><h2 style=\"font-family:&#039;Montserrat&#039;;font-weight:700;color:#ffffff;margin-bottom:40px;\">REPARA\u00c7\u00d5ES E SERVI\u00c7OS<\/h2><\/div><\/div><div class=\" ubtn-ctn-center \"><a class=\"ubtn-link ult-adjust-bottom-margin ubtn-center ubtn-normal \" href=\"\/pt-pt\/servicos\/\" ><button type=\"button\" id=\"ubtn-2568\"  class=\"ubtn ult-adjust-bottom-margin ult-responsive ubtn-normal ubtn-no-hover-bg  none  ubtn-center   tooltip-69d3943910881\"  data-hover=\"\" data-border-color=\"\" data-bg=\"#3db1c0\" data-hover-bg=\"\" data-border-hover=\"\" data-shadow-hover=\"\" data-shadow-click=\"none\" data-shadow=\"\" data-shd-shadow=\"\"  data-ultimate-target='#ubtn-2568'  data-responsive-json-new='{\"font-size\":\"desktop:24px;\",\"line-height\":\"\"}'  style=\"font-family:&#039;Montserrat&#039;;font-weight:normal;border:none;background: #3db1c0;color: #ffffff;\"><span class=\"ubtn-hover\" style=\"background-color:\"><\/span><span class=\"ubtn-data ubtn-text \" >Mais informa\u00e7\u00e3o<\/span><\/button><\/a><\/div>[\/vc_column][vc_column width=&#8221;1\/2&#8243; css=&#8221;.vc_custom_1668168927353{padding-top: 180px !important;padding-bottom: 120px !important;background-image: url(https:\/\/gapaluminium.pt\/wp-content\/uploads\/2022\/07\/sobre-nosotros.jpg?id=98) !important;background-position: center !important;background-repeat: no-repeat !important;background-size: cover !important;}&#8221; el_class=&#8221;fondo-2&#8243;]<div id=\"ultimate-heading-974469d394391091d\" class=\"uvc-heading ult-adjust-bottom-margin ultimate-heading-974469d394391091d uvc-6851 \" data-hspacer=\"no_spacer\"  data-halign=\"center\" style=\"text-align:center\"><div class=\"uvc-heading-spacer no_spacer\" style=\"top\"><\/div><div class=\"uvc-main-heading ult-responsive\"  data-ultimate-target='.uvc-heading.ultimate-heading-974469d394391091d h2'  data-responsive-json-new='{\"font-size\":\"desktop:68px;\",\"line-height\":\"desktop:74px;\"}' ><h2 style=\"font-family:&#039;Montserrat&#039;;font-weight:700;color:#ffffff;margin-bottom:40px;\">SOBRE N\u00d3S<\/h2><\/div><\/div><div class=\" ubtn-ctn-center \"><a class=\"ubtn-link ult-adjust-bottom-margin ubtn-center ubtn-normal \" href=\"\/pt-pt\/empresa\/\" ><button type=\"button\" id=\"ubtn-1405\"  class=\"ubtn ult-adjust-bottom-margin ult-responsive ubtn-normal ubtn-no-hover-bg  none  ubtn-center   tooltip-69d3943910949\"  data-hover=\"\" data-border-color=\"\" data-bg=\"#3db1c0\" data-hover-bg=\"\" data-border-hover=\"\" data-shadow-hover=\"\" data-shadow-click=\"none\" data-shadow=\"\" data-shd-shadow=\"\"  data-ultimate-target='#ubtn-1405'  data-responsive-json-new='{\"font-size\":\"desktop:24px;\",\"line-height\":\"\"}'  style=\"font-family:&#039;Montserrat&#039;;font-weight:normal;border:none;background: #3db1c0;color: #ffffff;\"><span class=\"ubtn-hover\" style=\"background-color:\"><\/span><span class=\"ubtn-data ubtn-text \" >Mais informa\u00e7\u00e3o<\/span><\/button><\/a><\/div>[\/vc_column][\/vc_row][\/vc_section][vc_section full_width=&#8221;stretch_row&#8221; css=&#8221;.vc_custom_1657274115422{background-image: url(https:\/\/gapaluminium.pt\/wp-content\/uploads\/2022\/07\/fondo-form.jpg?id=31) !important;background-position: center !important;background-repeat: no-repeat !important;background-size: cover !important;}&#8221;][vc_row][vc_column css=&#8221;.vc_custom_1656930921789{margin-top: 40px !important;margin-bottom: 60px !important;padding-top: 20px !important;padding-bottom: 20px !important;background-color: rgba(38,38,38,0.51) !important;*background-color: rgb(38,38,38) !important;}&#8221;]<div id=\"ultimate-heading-509669d3943910995\" class=\"uvc-heading ult-adjust-bottom-margin ultimate-heading-509669d3943910995 uvc-402 heading700 heading-form\" data-hspacer=\"no_spacer\"  data-halign=\"center\" style=\"text-align:center\"><div class=\"uvc-heading-spacer no_spacer\" style=\"top\"><\/div><div class=\"uvc-main-heading ult-responsive\"  data-ultimate-target='.uvc-heading.ultimate-heading-509669d3943910995 span'  data-responsive-json-new='{\"font-size\":\"desktop:48px;\",\"line-height\":\"desktop:59px;\"}' ><span style=\"--font-weight:theme;color:#ffffff;\">Precisa mais informa\u00e7\u00e3o?<\/span><\/div><\/div><div role=\"form\" class=\"wpcf7\" id=\"wpcf7-f238-o1\" lang=\"es-ES\" dir=\"ltr\">\n<div class=\"screen-reader-response\"><p role=\"status\" aria-live=\"polite\" aria-atomic=\"true\"><\/p> <ul><\/ul><\/div>\n<form action=\"\/pt-pt\/wp-json\/wp\/v2\/pages\/231#wpcf7-f238-o1\" method=\"post\" class=\"wpcf7-form init\" novalidate=\"novalidate\" data-status=\"init\">\n<div style=\"display: none;\">\n<input type=\"hidden\" name=\"_wpcf7\" value=\"238\" \/>\n<input type=\"hidden\" name=\"_wpcf7_version\" value=\"5.6.2\" \/>\n<input type=\"hidden\" name=\"_wpcf7_locale\" value=\"es_ES\" \/>\n<input type=\"hidden\" name=\"_wpcf7_unit_tag\" value=\"wpcf7-f238-o1\" \/>\n<input type=\"hidden\" name=\"_wpcf7_container_post\" value=\"0\" \/>\n<input type=\"hidden\" name=\"_wpcf7_posted_data_hash\" value=\"\" \/>\n<input type=\"hidden\" name=\"_wpcf7_recaptcha_response\" value=\"\" \/>\n<\/div>\n<p><span class=\"wpcf7-form-control-wrap\" data-name=\"your-name\"><input type=\"text\" name=\"your-name\" value=\"\" size=\"40\" class=\"wpcf7-form-control wpcf7-text wpcf7-validates-as-required\" aria-required=\"true\" aria-invalid=\"false\" placeholder=\"Nome e sobrenome (obrigat\u00f3rio)\" \/><\/span><\/p>\n<p><span class=\"wpcf7-form-control-wrap\" data-name=\"your-email\"><input type=\"email\" name=\"your-email\" value=\"\" size=\"40\" class=\"wpcf7-form-control wpcf7-text wpcf7-email wpcf7-validates-as-required wpcf7-validates-as-email\" aria-required=\"true\" aria-invalid=\"false\" placeholder=\"Correio electr\u00f3nico (obrigat\u00f3rio)\" \/><\/span><\/p>\n<p><span class=\"wpcf7-form-control-wrap\" data-name=\"your-subject\"><input type=\"text\" name=\"your-subject\" value=\"\" size=\"40\" class=\"wpcf7-form-control wpcf7-text\" aria-invalid=\"false\" placeholder=\"Assunto\" \/><\/span><\/p>\n<p><span class=\"wpcf7-form-control-wrap\" data-name=\"your-message\"><textarea name=\"your-message\" cols=\"40\" rows=\"10\" class=\"wpcf7-form-control wpcf7-textarea\" aria-invalid=\"false\" placeholder=\"Mensagem (obrigat\u00f3rio)\"><\/textarea><\/span><\/p>\n<p class=\"texto-acept-form\">\nRespons\u00e1vel: Gapaluminium<br \/>\nFinalidade: Envio de informa\u00e7\u00e3o solicitada.<br \/>\nLegitima\u00e7\u00e3o: Tratar os seus dados pessoaiss com o seu consentimento pr\u00e9vio, atrav\u00e9s da caixa correspondent.<br \/>\nDestinat\u00e1rios: Gapaluminium, com \u00fanico destinat\u00e1rio.<br \/>\nDireitos dos utilizadores : direito de solicitarem a rectifica\u00e7\u00e3o ou a supress\u00e3o dos dados.\n<\/p>\n<p>\n<span class=\"wpcf7-form-control-wrap\" data-name=\"lopd\"><span class=\"wpcf7-form-control wpcf7-acceptance\"><span class=\"wpcf7-list-item\"><input type=\"checkbox\" name=\"lopd\" value=\"1\" aria-invalid=\"false\" id=\"casillalopd\" \/><\/span><\/span><\/span> <span class=\"texto-lopd\">Aceito transferir meus dados para receber as informa\u00e7\u00f5es solicitadas <a href=\"\/politica-privacidad\">pol\u00edtica de privacidade<\/a><\/span><\/p>\n<p><span class=\"wpcf7-form-control-wrap\" data-name=\"acceptance-232\"><span class=\"wpcf7-form-control wpcf7-acceptance optional\"><span class=\"wpcf7-list-item\"><input type=\"checkbox\" name=\"acceptance-232\" value=\"1\" aria-invalid=\"false\" id=\"casillalopd\" \/><\/span><\/span><\/span><span class=\"texto-lopd\">Aceito a pol\u00edtica de privacidade para fins de envio de informa\u00e7\u00f5es comerciais de GAP ALUMINIUM.(opcional)<\/span>\n<\/p>\n<p><input type=\"submit\" value=\"Mais informa\u00e7\u00e3o\" class=\"wpcf7-form-control has-spinner wpcf7-submit\" \/><\/p>\n<div class=\"wpcf7-response-output\" aria-hidden=\"true\"><\/div><\/form><\/div>[\/vc_column][\/vc_row][\/vc_section]<\/p>\n","protected":false},"excerpt":{"rendered":"<p>[vc_row][vc_column][\/vc_column][\/vc_row][vc_section full_width=&#8221;stretch_row&#8221; css=&#8221;.vc_custom_1657272885550{margin-top: 40px !important;margin-bottom: 40px !important;}&#8221;][vc_row full_width=&#8221;stretch_row_content&#8221; equal_height=&#8221;yes&#8221;][vc_column width=&#8221;1\/2&#8243; css=&#8221;.vc_custom_1668168933219{padding-top: 180px !important;padding-bottom: 120px !important;background-image: url(https:\/\/gapaluminium.pt\/wp-content\/uploads\/2022\/07\/serv-tecnico.jpg?id=96) !important;background-position: center !important;background-repeat: no-repeat !important;background-size: cover !important;}&#8221; el_class=&#8221;fondo-1&#8243;][\/vc_column][vc_column width=&#8221;1\/2&#8243; css=&#8221;.vc_custom_1668168927353{padding-top: 180px !important;padding-bottom: 120px !important;background-image: url(https:\/\/gapaluminium.pt\/wp-content\/uploads\/2022\/07\/sobre-nosotros.jpg?id=98) !important;background-position: center !important;background-repeat: no-repeat !important;background-size: cover !important;}&#8221; el_class=&#8221;fondo-2&#8243;][\/vc_column][\/vc_row][\/vc_section][vc_section full_width=&#8221;stretch_row&#8221; css=&#8221;.vc_custom_1657274115422{background-image: url(https:\/\/gapaluminium.pt\/wp-content\/uploads\/2022\/07\/fondo-form.jpg?id=31) !important;background-position: center !important;background-repeat: no-repeat !important;background-size: cover !important;}&#8221;][vc_row][vc_column css=&#8221;.vc_custom_1656930921789{margin-top: 40px !important;margin-bottom: 60px !important;padding-top: 20px&hellip;<\/p>\n","protected":false},"author":1,"featured_media":0,"parent":0,"menu_order":0,"comment_status":"closed","ping_status":"closed","template":"","meta":[],"_links":{"self":[{"href":"https:\/\/gapaluminium.pt\/pt-pt\/wp-json\/wp\/v2\/pages\/231"}],"collection":[{"href":"https:\/\/gapaluminium.pt\/pt-pt\/wp-json\/wp\/v2\/pages"}],"about":[{"href":"https:\/\/gapaluminium.pt\/pt-pt\/wp-json\/wp\/v2\/types\/page"}],"author":[{"embeddable":true,"href":"https:\/\/gapaluminium.pt\/pt-pt\/wp-json\/wp\/v2\/users\/1"}],"replies":[{"embeddable":true,"href":"https:\/\/gapaluminium.pt\/pt-pt\/wp-json\/wp\/v2\/comments?post=231"}],"version-history":[{"count":15,"href":"https:\/\/gapaluminium.pt\/pt-pt\/wp-json\/wp\/v2\/pages\/231\/revisions"}],"predecessor-version":[{"id":1128,"href":"https:\/\/gapaluminium.pt\/pt-pt\/wp-json\/wp\/v2\/pages\/231\/revisions\/1128"}],"wp:attachment":[{"href":"https:\/\/gapaluminium.pt\/pt-pt\/wp-json\/wp\/v2\/media?parent=231"}],"curies":[{"name":"wp","href":"https:\/\/api.w.org\/{rel}","templated":true}]}}