{"id":457,"date":"2022-07-06T10:24:51","date_gmt":"2022-07-06T10:24:51","guid":{"rendered":"https:\/\/gapaluminium.pt\/empresa\/"},"modified":"2024-04-11T06:30:48","modified_gmt":"2024-04-11T06:30:48","slug":"empresa","status":"publish","type":"page","link":"https:\/\/gapaluminium.pt\/pt-pt\/empresa\/","title":{"rendered":"Empresa"},"content":{"rendered":"<p>[vc_section][vc_row][vc_column]<div id=\"ultimate-heading-332169f1a021465be\" class=\"uvc-heading ult-adjust-bottom-margin ultimate-heading-332169f1a021465be uvc-4112 \" data-hspacer=\"no_spacer\"  data-halign=\"center\" style=\"text-align:center\"><div class=\"uvc-heading-spacer no_spacer\" style=\"top\"><\/div><div class=\"uvc-main-heading ult-responsive\"  data-ultimate-target='.uvc-heading.ultimate-heading-332169f1a021465be h1'  data-responsive-json-new='{\"font-size\":\"desktop:54px;\",\"line-height\":\"\"}' ><h1 style=\"font-family:&#039;Montserrat&#039;;font-weight:700;color:#1e1e1e;\">EMPRESA<\/h1><\/div><\/div>[\/vc_column][\/vc_row][\/vc_section][vc_section css=&#8221;.vc_custom_1660037400153{margin-top: 40px !important;}&#8221;][vc_row][vc_column width=&#8221;1\/6&#8243;][\/vc_column][vc_column width=&#8221;2\/3&#8243;][vc_column_text el_class=&#8221;text-subtitulo&#8221;]A GAP Aluminium \u00e9 formada por profissionais e t\u00e9cnicos especializados em todas as marcas de fabricantes de linhas de extrus\u00e3o, com mais de 25 anos de experi\u00eancia em repara\u00e7\u00f5es mec\u00e2nicas, hidr\u00e1ulicas, programa\u00e7\u00e3o, fornos e equipamentos de lacagem e anodiza\u00e7\u00e3o.[\/vc_column_text][\/vc_column][vc_column width=&#8221;1\/6&#8243;][\/vc_column][\/vc_row][\/vc_section][vc_section css=&#8221;.vc_custom_1659963354822{margin-top: 60px !important;}&#8221;][vc_row gap=&#8221;30&#8243;][vc_column width=&#8221;1\/2&#8243;]<div id=\"ultimate-heading-853569f1a02146612\" class=\"uvc-heading ult-adjust-bottom-margin ultimate-heading-853569f1a02146612 uvc-7441 \" data-hspacer=\"no_spacer\"  data-halign=\"left\" style=\"text-align:left\"><div class=\"uvc-heading-spacer no_spacer\" style=\"top\"><\/div><div class=\"uvc-main-heading ult-responsive\"  data-ultimate-target='.uvc-heading.ultimate-heading-853569f1a02146612 h2'  data-responsive-json-new='{\"font-size\":\"desktop:34px;\",\"line-height\":\"\"}' ><h2 style=\"font-family:&#039;Montserrat&#039;;font-weight:700;color:#1e1e1e;margin-bottom:20px;\">SOBRE A NOSSA EMPRESA<\/h2><\/div><\/div>[vc_column_text el_class=&#8221;text-parrafo&#8221;]A GAP Aluminium tem o seu pr\u00f3prio departamento de design e atualiza\u00e7\u00e3o de equipamentos, pelo que est\u00e1 apta a efetuar a renova\u00e7\u00e3o de linhas de extrus\u00e3o para melhorar a efici\u00eancia energ\u00e9tica e a produtividade. Com a Gap Aluminium, os nossos clientes poder\u00e3o atualizar os seus equipamentos para as exig\u00eancias actuais do mercado da extrus\u00e3o com um investimento razo\u00e1vel.<\/p>\n<p>A nossa experi\u00eancia de mais de 25 anos no sector permite-nos oferecer-lhe conselhos t\u00e9cnicos personalizados para a repara\u00e7\u00e3o e manuten\u00e7\u00e3o dos principais fabricantes de prensas do mercado: SMS, turla, tecalex, gia, sutton, etc.[\/vc_column_text][\/vc_column][vc_column width=&#8221;1\/2&#8243;]<div id=\"ultimate-heading-281069f1a02146641\" class=\"uvc-heading ult-adjust-bottom-margin ultimate-heading-281069f1a02146641 uvc-2865 \" data-hspacer=\"no_spacer\"  data-halign=\"left\" style=\"text-align:left\"><div class=\"uvc-heading-spacer no_spacer\" style=\"top\"><\/div><div class=\"uvc-main-heading ult-responsive\"  data-ultimate-target='.uvc-heading.ultimate-heading-281069f1a02146641 h2'  data-responsive-json-new='{\"font-size\":\"desktop:34px;\",\"line-height\":\"\"}' ><h2 style=\"font-family:&#039;Montserrat&#039;;font-weight:700;color:#1e1e1e;margin-bottom:20px;\">OBJETIVO<\/h2><\/div><\/div>[vc_column_text el_class=&#8221;text-parrafo&#8221;]A GAP Aluminium Products Lda, foi criada com o objetivo de satisfazer todas as necessidades de repara\u00e7\u00e3o e manuten\u00e7\u00e3o de equipamentos de extrus\u00e3o, lacagem e anodiza\u00e7\u00e3o de alum\u00ednio.[\/vc_column_text]<div id=\"ultimate-heading-139969f1a0214666c\" class=\"uvc-heading ult-adjust-bottom-margin ultimate-heading-139969f1a0214666c uvc-2085 \" data-hspacer=\"no_spacer\"  data-halign=\"left\" style=\"text-align:left\"><div class=\"uvc-heading-spacer no_spacer\" style=\"top\"><\/div><div class=\"uvc-main-heading ult-responsive\"  data-ultimate-target='.uvc-heading.ultimate-heading-139969f1a0214666c h2'  data-responsive-json-new='{\"font-size\":\"desktop:34px;\",\"line-height\":\"\"}' ><h2 style=\"font-family:&#039;Montserrat&#039;;font-weight:700;color:#1e1e1e;margin-bottom:20px;\">VALORES<\/h2><\/div><\/div>[vc_column_text el_class=&#8221;text-parrafo&#8221;]<\/p>\n<ul>\n<li>A satisfa\u00e7\u00e3o total dos nossos clientes, centrada numa rela\u00e7\u00e3o estreita e profissional, prazos de entrega adequados e pre\u00e7os competitivos.<\/li>\n<li>A melhoria cont\u00ednua da nossa equipa de profissionais especializados (mais de 25 anos de experi\u00eancia) com o objetivo de oferecer aos nossos clientes a melhor qualidade e o melhor servi\u00e7o.<\/li>\n<li>A nossa equipa de profissionais, atrav\u00e9s da an\u00e1lise e do planeamento, oferece aos nossos clientes solu\u00e7\u00f5es imediatas para os seus problemas.<\/li>\n<li>O esfor\u00e7o cont\u00ednuo em fornecer as informa\u00e7\u00f5es mais avan\u00e7adas com o objetivo de obter materiais de grande precis\u00e3o, desempenho e durabilidade&#8221;.<\/li>\n<\/ul>\n<p>[\/vc_column_text][\/vc_column][\/vc_row][\/vc_section]<\/p>\n","protected":false},"excerpt":{"rendered":"<p>[vc_section][vc_row][vc_column][\/vc_column][\/vc_row][\/vc_section][vc_section css=&#8221;.vc_custom_1660037400153{margin-top: 40px !important;}&#8221;][vc_row][vc_column width=&#8221;1\/6&#8243;][\/vc_column][vc_column width=&#8221;2\/3&#8243;][vc_column_text el_class=&#8221;text-subtitulo&#8221;]A GAP Aluminium \u00e9 formada por profissionais e t\u00e9cnicos especializados em todas as marcas de fabricantes de linhas de extrus\u00e3o, com mais de 25 anos de experi\u00eancia em repara\u00e7\u00f5es mec\u00e2nicas, hidr\u00e1ulicas, programa\u00e7\u00e3o, fornos e equipamentos de lacagem e anodiza\u00e7\u00e3o.[\/vc_column_text][\/vc_column][vc_column width=&#8221;1\/6&#8243;][\/vc_column][\/vc_row][\/vc_section][vc_section css=&#8221;.vc_custom_1659963354822{margin-top: 60px !important;}&#8221;][vc_row gap=&#8221;30&#8243;][vc_column width=&#8221;1\/2&#8243;][vc_column_text el_class=&#8221;text-parrafo&#8221;]A GAP Aluminium tem&hellip;<\/p>\n","protected":false},"author":1,"featured_media":0,"parent":0,"menu_order":0,"comment_status":"closed","ping_status":"closed","template":"","meta":[],"_links":{"self":[{"href":"https:\/\/gapaluminium.pt\/pt-pt\/wp-json\/wp\/v2\/pages\/457"}],"collection":[{"href":"https:\/\/gapaluminium.pt\/pt-pt\/wp-json\/wp\/v2\/pages"}],"about":[{"href":"https:\/\/gapaluminium.pt\/pt-pt\/wp-json\/wp\/v2\/types\/page"}],"author":[{"embeddable":true,"href":"https:\/\/gapaluminium.pt\/pt-pt\/wp-json\/wp\/v2\/users\/1"}],"replies":[{"embeddable":true,"href":"https:\/\/gapaluminium.pt\/pt-pt\/wp-json\/wp\/v2\/comments?post=457"}],"version-history":[{"count":7,"href":"https:\/\/gapaluminium.pt\/pt-pt\/wp-json\/wp\/v2\/pages\/457\/revisions"}],"predecessor-version":[{"id":709,"href":"https:\/\/gapaluminium.pt\/pt-pt\/wp-json\/wp\/v2\/pages\/457\/revisions\/709"}],"wp:attachment":[{"href":"https:\/\/gapaluminium.pt\/pt-pt\/wp-json\/wp\/v2\/media?parent=457"}],"curies":[{"name":"wp","href":"https:\/\/api.w.org\/{rel}","templated":true}]}}