{"id":721,"date":"2022-08-18T10:40:46","date_gmt":"2022-08-18T10:40:46","guid":{"rendered":"https:\/\/gapaluminium.pt\/aviso-legal\/"},"modified":"2024-09-20T07:35:46","modified_gmt":"2024-09-20T07:35:46","slug":"aviso-legal","status":"publish","type":"page","link":"https:\/\/gapaluminium.pt\/pt-pt\/aviso-legal\/","title":{"rendered":"Aviso legal"},"content":{"rendered":"<p>[vc_row][vc_column][vc_column_text]<\/p>\n<pre class=\"tw-data-text tw-text-large tw-ta\" dir=\"ltr\" data-placeholder=\"Traducci\u00f3n\"><span class=\"Y2IQFc\" lang=\"pt\">Em cumprimento do disposto no artigo 10\u00ba da Lei 34\/2002, de 11 de julho, de Servi\u00e7os da Sociedade da Informa\u00e7\u00e3o e Com\u00e9rcio Eletr\u00f3nico (doravante, LSSI-CE), informamos de forma expressa, precisa e inequ\u00edvoca, tanto os destinat\u00e1rios do servi\u00e7o como os organismos competentes, dos seguintes aspectos relativos ao prestador de servi\u00e7os da sociedade da informa\u00e7\u00e3o:\r\nNOME \/ NOME DA EMPRESA: <strong>Gap Global Aluminium Productos, Lda\r\n<\/strong>\r\nCIF \/ NIF: B02446144\r\n\r\nENDERE\u00c7O \u200b\u200bREGISTRADO \/ ENDERE\u00c7O \u200b\u200bPROFISSIONAL:<\/span>\r\nMorada Fiscal:\r\nRua Afonso Albuquerque, N.\u00b036\r\n3830-574 Gafanha da Nazar\u00e9\r\n\r\nLocaliza\u00e7\u00e3o do pavilh\u00e3o\r\nZona Industrial de Eixo\r\n\r\nRua Dr.\u00b0 Ven\u00e2ncio Dias Figueiredo Vieira\r\n3800-793 Eixo\r\n\r\nTELEFONE: 969 04 60 03\r\n\r\nENDERE\u00c7O \u200b\u200bDE EMAIL: info@gapaluminium.pt<\/pre>\n<p>[\/vc_column_text][\/vc_column][\/vc_row]<\/p>\n","protected":false},"excerpt":{"rendered":"<p>[vc_row][vc_column][vc_column_text] Em cumprimento do disposto no artigo 10\u00ba da Lei 34\/2002, de 11 de julho, de Servi\u00e7os da Sociedade da Informa\u00e7\u00e3o e Com\u00e9rcio Eletr\u00f3nico (doravante, LSSI-CE), informamos de forma expressa, precisa e inequ\u00edvoca, tanto os destinat\u00e1rios do servi\u00e7o como os organismos competentes, dos seguintes aspectos relativos ao prestador de servi\u00e7os da sociedade da informa\u00e7\u00e3o: NOME&hellip;<\/p>\n","protected":false},"author":1,"featured_media":0,"parent":0,"menu_order":0,"comment_status":"closed","ping_status":"closed","template":"","meta":[],"_links":{"self":[{"href":"https:\/\/gapaluminium.pt\/pt-pt\/wp-json\/wp\/v2\/pages\/721"}],"collection":[{"href":"https:\/\/gapaluminium.pt\/pt-pt\/wp-json\/wp\/v2\/pages"}],"about":[{"href":"https:\/\/gapaluminium.pt\/pt-pt\/wp-json\/wp\/v2\/types\/page"}],"author":[{"embeddable":true,"href":"https:\/\/gapaluminium.pt\/pt-pt\/wp-json\/wp\/v2\/users\/1"}],"replies":[{"embeddable":true,"href":"https:\/\/gapaluminium.pt\/pt-pt\/wp-json\/wp\/v2\/comments?post=721"}],"version-history":[{"count":5,"href":"https:\/\/gapaluminium.pt\/pt-pt\/wp-json\/wp\/v2\/pages\/721\/revisions"}],"predecessor-version":[{"id":1137,"href":"https:\/\/gapaluminium.pt\/pt-pt\/wp-json\/wp\/v2\/pages\/721\/revisions\/1137"}],"wp:attachment":[{"href":"https:\/\/gapaluminium.pt\/pt-pt\/wp-json\/wp\/v2\/media?parent=721"}],"curies":[{"name":"wp","href":"https:\/\/api.w.org\/{rel}","templated":true}]}}